{"id":896,"date":"2019-05-06T12:35:35","date_gmt":"2019-05-06T11:35:35","guid":{"rendered":"https:\/\/www.timboyat.fr\/?page_id=896"},"modified":"2020-09-03T20:05:13","modified_gmt":"2020-09-03T19:05:13","slug":"projets","status":"publish","type":"page","link":"https:\/\/www.timboyat.fr\/fr\/projets\/","title":{"rendered":"Projets"},"content":{"rendered":"    <div data-options='{&quot;id&quot;:&quot;58&quot;,&quot;lazy_load&quot;:&quot;grid&quot;,&quot;masonry_enable&quot;:&quot;no&quot;,&quot;view_type&quot;:&quot;grid&quot;}' id=\"post-grid-58\" class=\"post-grid grid\">\n    \n\n\n    <div class=\"grid-items\">\n      <div class=\"item item-1069 skin flip-x even 0 \">\n        <div class=\"layer-wrapper layout-\">\n        <div class=\"layer-media\"><a href=\"https:\/\/www.timboyat.fr\/fr\/design-fr\/dressing\/\"><img decoding=\"async\" alt=\"\" src=\"https:\/\/www.timboyat.fr\/wp-content\/uploads\/2022\/02\/IMG_20210928_164450RETOUCHE-1-e1644882555244-300x241.jpg\" \/><\/a><\/div>\n  <div class=\"layer-content\">\n        <div class=\"element element_0  title \">\r\n                    <a target=\"\"\r\n                href=\"https:\/\/www.timboyat.fr\/fr\/design-fr\/dressing\/\">Dressing<\/a>\r\n            <\/div>\r\n    <div class=\"element element_1  excerpt \">\r\n        Con\u00e7u et r\u00e9alis\u00e9 sur commande en 2021, ce dressing sous rampant allie simplicit\u00e9, technicit\u00e9 et rangements spacieux. Il est constitu\u00e9            <\/div>\r\n            <a class=\"element element_2  read_more \"\r\n            target=\"\"\r\n            href=\"https:\/\/www.timboyat.fr\/fr\/design-fr\/dressing\/\"><\/a>\r\n      <\/div>\n    <\/div>\n  <\/div><div class=\"item item-864 skin flip-x odd 1 \">\n        <div class=\"layer-wrapper layout-\">\n        <div class=\"layer-media\"><a href=\"https:\/\/www.timboyat.fr\/fr\/travail-du-bois\/omera\/\"><img decoding=\"async\" alt=\"\" src=\"https:\/\/www.timboyat.fr\/wp-content\/uploads\/2017\/12\/CouvertureOMERA-timboyat.fr_-300x241.jpg\" \/><\/a><\/div>\n  <div class=\"layer-content\">\n        <div class=\"element element_0  title \">\r\n                    <a target=\"\"\r\n                href=\"https:\/\/www.timboyat.fr\/fr\/travail-du-bois\/omera\/\">Omera<\/a>\r\n            <\/div>\r\n    <div class=\"element element_1  excerpt \">\r\n        En mai et juin 2016, Timoth\u00e9e Boyat a travaill\u00e9 en partenariat avec Philipp von Hase, un designer-\u00e9b\u00e9niste install\u00e9 \u00e0 Bergen,            <\/div>\r\n            <a class=\"element element_2  read_more \"\r\n            target=\"\"\r\n            href=\"https:\/\/www.timboyat.fr\/fr\/travail-du-bois\/omera\/\"><\/a>\r\n      <\/div>\n    <\/div>\n  <\/div><div class=\"item item-873 skin flip-x even 2 \">\n        <div class=\"layer-wrapper layout-\">\n        <div class=\"layer-media\"><a href=\"https:\/\/www.timboyat.fr\/fr\/actualites\/wallpaper-magazine-graduate-directory-2017\/\"><img decoding=\"async\" alt=\"\" src=\"https:\/\/www.timboyat.fr\/wp-content\/uploads\/2017\/01\/wallpaper-omera-300x241.jpg\" \/><\/a><\/div>\n  <div class=\"layer-content\">\n        <div class=\"element element_0  title \">\r\n                    <a target=\"\"\r\n                href=\"https:\/\/www.timboyat.fr\/fr\/actualites\/wallpaper-magazine-graduate-directory-2017\/\">Wallpaper* magazine \u2013 Graduate Directory 2017<\/a>\r\n            <\/div>\r\n    <div class=\"element element_1  excerpt \">\r\n        Le tabouret Omera, que Timoth\u00e9e Boyat a cr\u00e9\u00e9 en collaboration avec le designer Philipp von Hase, a \u00e9t\u00e9 choisi par            <\/div>\r\n            <a class=\"element element_2  read_more \"\r\n            target=\"\"\r\n            href=\"https:\/\/www.timboyat.fr\/fr\/actualites\/wallpaper-magazine-graduate-directory-2017\/\"><\/a>\r\n      <\/div>\n    <\/div>\n  <\/div><div class=\"item item-930 skin flip-x odd 3 \">\n        <div class=\"layer-wrapper layout-\">\n        <div class=\"layer-media\"><a href=\"https:\/\/www.timboyat.fr\/fr\/travail-du-bois\/fungi\/\"><img decoding=\"async\" alt=\"\" src=\"https:\/\/www.timboyat.fr\/wp-content\/uploads\/2017\/11\/Couverturearticle2FUNGI-timboyat.fr_-300x241.jpg\" \/><\/a><\/div>\n  <div class=\"layer-content\">\n        <div class=\"element element_0  title \">\r\n                    <a target=\"\"\r\n                href=\"https:\/\/www.timboyat.fr\/fr\/travail-du-bois\/fungi\/\">Fungi<\/a>\r\n            <\/div>\r\n    <div class=\"element element_1  excerpt \">\r\n        Fungi est un cabinet permettant de cultiver des champignons comestibles chez soi. Ce meuble a \u00e9t\u00e9 con\u00e7u et fabriqu\u00e9 par            <\/div>\r\n            <a class=\"element element_2  read_more \"\r\n            target=\"\"\r\n            href=\"https:\/\/www.timboyat.fr\/fr\/travail-du-bois\/fungi\/\"><\/a>\r\n      <\/div>\n    <\/div>\n  <\/div><div class=\"item item-927 skin flip-x even 4 \">\n        <div class=\"layer-wrapper layout-\">\n        <div class=\"layer-media\"><a href=\"https:\/\/www.timboyat.fr\/fr\/design-fr\/ig-ag\/\"><img decoding=\"async\" alt=\"\" src=\"https:\/\/www.timboyat.fr\/wp-content\/uploads\/2016\/01\/CouvertureIG-AG-timboyat.fr_-300x241.jpg\" \/><\/a><\/div>\n  <div class=\"layer-content\">\n        <div class=\"element element_0  title \">\r\n                    <a target=\"\"\r\n                href=\"https:\/\/www.timboyat.fr\/fr\/design-fr\/ig-ag\/\">Ig-Ag<\/a>\r\n            <\/div>\r\n    <div class=\"element element_1  excerpt \">\r\n        Ce projet a \u00e9t\u00e9 cr\u00e9\u00e9 en 2016. Timoth\u00e9e a con\u00e7u une assise qui donne un sens diff\u00e9rent aux murs. En            <\/div>\r\n            <a class=\"element element_2  read_more \"\r\n            target=\"\"\r\n            href=\"https:\/\/www.timboyat.fr\/fr\/design-fr\/ig-ag\/\"><\/a>\r\n      <\/div>\n    <\/div>\n  <\/div><div class=\"item item-903 skin flip-x odd 5 \">\n        <div class=\"layer-wrapper layout-\">\n        <div class=\"layer-media\"><a href=\"https:\/\/www.timboyat.fr\/fr\/design-fr\/de-lijn\/\"><img decoding=\"async\" alt=\"\" src=\"https:\/\/www.timboyat.fr\/wp-content\/uploads\/2016\/01\/CouvertureBureau-timboyat.fr_-300x241.jpg\" \/><\/a><\/div>\n  <div class=\"layer-content\">\n        <div class=\"element element_0  title \">\r\n                    <a target=\"\"\r\n                href=\"https:\/\/www.timboyat.fr\/fr\/design-fr\/de-lijn\/\">De Lijn<\/a>\r\n            <\/div>\r\n    <div class=\"element element_1  excerpt \">\r\n        Timoth\u00e9e Boyat a con\u00e7u le bureau De Lijn en r\u00e9ponse \u00e0 un appel \u00e0 projet lanc\u00e9 par l'\u00e9cole des Arts            <\/div>\r\n            <a class=\"element element_2  read_more \"\r\n            target=\"\"\r\n            href=\"https:\/\/www.timboyat.fr\/fr\/design-fr\/de-lijn\/\"><\/a>\r\n      <\/div>\n    <\/div>\n  <\/div><div class=\"item item-885 skin flip-x even 6 \">\n        <div class=\"layer-wrapper layout-\">\n        <div class=\"layer-media\"><a href=\"https:\/\/www.timboyat.fr\/fr\/projet-etude\/workshops\/\"><img decoding=\"async\" alt=\"\" src=\"https:\/\/www.timboyat.fr\/wp-content\/uploads\/2016\/01\/Couverture-Galley-timboyat.fr_-300x241.jpg\" \/><\/a><\/div>\n  <div class=\"layer-content\">\n        <div class=\"element element_0  title \">\r\n                    <a target=\"\"\r\n                href=\"https:\/\/www.timboyat.fr\/fr\/projet-etude\/workshops\/\">Workshops<\/a>\r\n            <\/div>\r\n    <div class=\"element element_1  excerpt \">\r\n        Durant ses \u00e9tudes dans le domaine des arts du bois, Timoth\u00e9e Boyat a pris part \u00e0 plusieurs workshops anim\u00e9s par            <\/div>\r\n            <a class=\"element element_2  read_more \"\r\n            target=\"\"\r\n            href=\"https:\/\/www.timboyat.fr\/fr\/projet-etude\/workshops\/\"><\/a>\r\n      <\/div>\n    <\/div>\n  <\/div><div class=\"item item-882 skin flip-x odd 7 \">\n        <div class=\"layer-wrapper layout-\">\n        <div class=\"layer-media\"><a href=\"https:\/\/www.timboyat.fr\/fr\/travail-du-bois\/woodturning\/\"><img decoding=\"async\" alt=\"\" src=\"https:\/\/www.timboyat.fr\/wp-content\/uploads\/2016\/01\/P1080120bis-e1523304906502-300x242.jpg\" \/><\/a><\/div>\n  <div class=\"layer-content\">\n        <div class=\"element element_0  title \">\r\n                    <a target=\"\"\r\n                href=\"https:\/\/www.timboyat.fr\/fr\/travail-du-bois\/woodturning\/\">Tournage sur bois<\/a>\r\n            <\/div>\r\n    <div class=\"element element_1  excerpt \">\r\n        Timoth\u00e9e Boyat pratique le tournage sur bois, discipline pour laquelle il est devenu Meilleur Apprenti de France en 2014. Ces            <\/div>\r\n            <a class=\"element element_2  read_more \"\r\n            target=\"\"\r\n            href=\"https:\/\/www.timboyat.fr\/fr\/travail-du-bois\/woodturning\/\"><\/a>\r\n      <\/div>\n    <\/div>\n  <\/div><div class=\"item item-880 skin flip-x even 8 \">\n        <div class=\"layer-wrapper layout-\">\n        <div class=\"layer-media\"><a href=\"https:\/\/www.timboyat.fr\/fr\/photographie\/photographie\/\"><img decoding=\"async\" alt=\"\" src=\"https:\/\/www.timboyat.fr\/wp-content\/uploads\/2016\/01\/Couverture-Photography-timboyat.fr_-300x241.jpg\" \/><\/a><\/div>\n  <div class=\"layer-content\">\n        <div class=\"element element_0  title \">\r\n                    <a target=\"\"\r\n                href=\"https:\/\/www.timboyat.fr\/fr\/photographie\/photographie\/\">Photographie<\/a>\r\n            <\/div>\r\n    <div class=\"element element_1  excerpt \">\r\n        Beaucoup d'id\u00e9es et d'inspiration viennent du voyage. Ces photographies ont \u00e9t\u00e9 prises par Timoth\u00e9e Boyat en Islande, Norv\u00e8ge, Hollande et            <\/div>\r\n            <a class=\"element element_2  read_more \"\r\n            target=\"\"\r\n            href=\"https:\/\/www.timboyat.fr\/fr\/photographie\/photographie\/\"><\/a>\r\n      <\/div>\n    <\/div>\n  <\/div>    <\/div>\n        <style type=\"text\/css\">\n      \/*Write your CSS code here*\/    <\/style>\n      <script>\n          \/*Write your js code here*\/          <\/script>\n    <style type=\"text\/css\">\n    #post-grid-58 .element_0 {\n      display: block;font-size: 21px;line-height: normal;padding: 5px 10px;text-align: left;    }\n\n    #post-grid-58 .element_1 {\n      display: block;font-size: 12px;padding: 5px 10px;text-align: left;    }\n\n    #post-grid-58 .element_2 {\n      display: block;font-size: 12px;font-weight: bold;padding: 0 10px;text-align: left;    }\n\n    #post-grid-58 .element_0:hover{}#post-grid-58 .element_1:hover{}#post-grid-58 .element_2:hover{}  <\/style>\n  <style type=\"text\/css\">\n    #post-grid-58 {\n      padding: 10px;\n          }\n\n    #post-grid-58 .item {\n          }\n\n    #post-grid-58 .item .layer-media {\n      height:auto;    }\n\n    @media only screen and (min-width: 0px) and (max-width: 767px) {\n      #post-grid-58 .grid-items {\n        text-align: center;\n              }\n\n      #post-grid-58 .item {\n        width: 90%;\n        margin: 30px;\n        display: inline-block;\n        vertical-align: top;\n        height:auto;      }\n    }\n\n    @media only screen and (min-width: 768px) and (max-width: 1023px) {\n      #post-grid-58 .grid-items {\n        text-align: center;\n              }\n\n      #post-grid-58 .item {\n        width: 280px;\n        margin: 30px;\n        display: inline-block;\n        vertical-align: top;\n        max-height:auto;      }\n    }\n\n    @media only screen and (min-width: 1024px) {\n      #post-grid-58 .grid-items {\n        text-align: center;\n              }\n\n      #post-grid-58 .item {\n        width: 280px;\n        display: inline-block;\n        margin: 30px;\n        vertical-align: top;\n        height:auto;      }\n    }\n\n      <\/style>\n  <\/div>\n\n<p><a href=\"https:\/\/www.instagram.com\/timboyat\/\" target=\"_blank\" rel=\"noopener noreferrer\"><img loading=\"lazy\" decoding=\"async\" class=\"aligncenter wp-image-1029 \" src=\"https:\/\/www.timboyat.fr\/wp-content\/uploads\/2020\/09\/pngwing.com-1-300x300.png\" alt=\"\" width=\"73\" height=\"73\" \/><\/a><\/p>\n","protected":false},"excerpt":{"rendered":"","protected":false},"author":1,"featured_media":0,"parent":0,"menu_order":0,"comment_status":"closed","ping_status":"closed","template":"","meta":{"footnotes":""},"class_list":["post-896","page","type-page","status-publish","hentry"],"yoast_head":"<!-- This site is optimized with the Yoast SEO plugin v27.4 - https:\/\/yoast.com\/product\/yoast-seo-wordpress\/ -->\n<title>Projets - Timoth\u00e9e BOYAT<\/title>\n<meta name=\"robots\" content=\"index, follow, max-snippet:-1, max-image-preview:large, max-video-preview:-1\" \/>\n<link rel=\"canonical\" href=\"https:\/\/www.timboyat.fr\/fr\/projets\/\" \/>\n<meta property=\"og:locale\" content=\"fr_FR\" \/>\n<meta property=\"og:type\" content=\"article\" \/>\n<meta property=\"og:title\" content=\"Projets - Timoth\u00e9e BOYAT\" \/>\n<meta property=\"og:url\" content=\"https:\/\/www.timboyat.fr\/fr\/projets\/\" \/>\n<meta property=\"og:site_name\" content=\"Timoth\u00e9e BOYAT\" \/>\n<meta property=\"article:modified_time\" content=\"2020-09-03T19:05:13+00:00\" \/>\n<meta property=\"og:image\" content=\"https:\/\/www.timboyat.fr\/wp-content\/uploads\/2020\/09\/pngwing.com-1-300x300.png\" \/>\n<meta name=\"twitter:card\" content=\"summary_large_image\" \/>\n<script type=\"application\/ld+json\" class=\"yoast-schema-graph\">{\"@context\":\"https:\\\/\\\/schema.org\",\"@graph\":[{\"@type\":\"WebPage\",\"@id\":\"https:\\\/\\\/www.timboyat.fr\\\/fr\\\/projets\\\/\",\"url\":\"https:\\\/\\\/www.timboyat.fr\\\/fr\\\/projets\\\/\",\"name\":\"Projets - Timoth\u00e9e BOYAT\",\"isPartOf\":{\"@id\":\"https:\\\/\\\/www.timboyat.fr\\\/fr\\\/#website\"},\"primaryImageOfPage\":{\"@id\":\"https:\\\/\\\/www.timboyat.fr\\\/fr\\\/projets\\\/#primaryimage\"},\"image\":{\"@id\":\"https:\\\/\\\/www.timboyat.fr\\\/fr\\\/projets\\\/#primaryimage\"},\"thumbnailUrl\":\"https:\\\/\\\/www.timboyat.fr\\\/wp-content\\\/uploads\\\/2020\\\/09\\\/pngwing.com-1-300x300.png\",\"datePublished\":\"2019-05-06T11:35:35+00:00\",\"dateModified\":\"2020-09-03T19:05:13+00:00\",\"breadcrumb\":{\"@id\":\"https:\\\/\\\/www.timboyat.fr\\\/fr\\\/projets\\\/#breadcrumb\"},\"inLanguage\":\"fr-FR\",\"potentialAction\":[{\"@type\":\"ReadAction\",\"target\":[\"https:\\\/\\\/www.timboyat.fr\\\/fr\\\/projets\\\/\"]}]},{\"@type\":\"ImageObject\",\"inLanguage\":\"fr-FR\",\"@id\":\"https:\\\/\\\/www.timboyat.fr\\\/fr\\\/projets\\\/#primaryimage\",\"url\":\"https:\\\/\\\/www.timboyat.fr\\\/wp-content\\\/uploads\\\/2020\\\/09\\\/pngwing.com-1-300x300.png\",\"contentUrl\":\"https:\\\/\\\/www.timboyat.fr\\\/wp-content\\\/uploads\\\/2020\\\/09\\\/pngwing.com-1-300x300.png\"},{\"@type\":\"BreadcrumbList\",\"@id\":\"https:\\\/\\\/www.timboyat.fr\\\/fr\\\/projets\\\/#breadcrumb\",\"itemListElement\":[{\"@type\":\"ListItem\",\"position\":1,\"name\":\"Home\",\"item\":\"https:\\\/\\\/www.timboyat.fr\\\/fr\\\/\"},{\"@type\":\"ListItem\",\"position\":2,\"name\":\"Projets\"}]},{\"@type\":\"WebSite\",\"@id\":\"https:\\\/\\\/www.timboyat.fr\\\/fr\\\/#website\",\"url\":\"https:\\\/\\\/www.timboyat.fr\\\/fr\\\/\",\"name\":\"Timoth\u00e9e BOYAT\",\"description\":\"Designer \u00c9b\u00e9niste\",\"publisher\":{\"@id\":\"https:\\\/\\\/www.timboyat.fr\\\/fr\\\/#organization\"},\"potentialAction\":[{\"@type\":\"SearchAction\",\"target\":{\"@type\":\"EntryPoint\",\"urlTemplate\":\"https:\\\/\\\/www.timboyat.fr\\\/fr\\\/?s={search_term_string}\"},\"query-input\":{\"@type\":\"PropertyValueSpecification\",\"valueRequired\":true,\"valueName\":\"search_term_string\"}}],\"inLanguage\":\"fr-FR\"},{\"@type\":\"Organization\",\"@id\":\"https:\\\/\\\/www.timboyat.fr\\\/fr\\\/#organization\",\"name\":\"Timoth\u00e9e BOYAT\",\"url\":\"https:\\\/\\\/www.timboyat.fr\\\/fr\\\/\",\"logo\":{\"@type\":\"ImageObject\",\"inLanguage\":\"fr-FR\",\"@id\":\"https:\\\/\\\/www.timboyat.fr\\\/fr\\\/#\\\/schema\\\/logo\\\/image\\\/\",\"url\":\"https:\\\/\\\/www.timboyat.fr\\\/wp-content\\\/uploads\\\/2018\\\/11\\\/logo-tb-100.png\",\"contentUrl\":\"https:\\\/\\\/www.timboyat.fr\\\/wp-content\\\/uploads\\\/2018\\\/11\\\/logo-tb-100.png\",\"width\":100,\"height\":100,\"caption\":\"Timoth\u00e9e BOYAT\"},\"image\":{\"@id\":\"https:\\\/\\\/www.timboyat.fr\\\/fr\\\/#\\\/schema\\\/logo\\\/image\\\/\"}}]}<\/script>\n<!-- \/ Yoast SEO plugin. -->","yoast_head_json":{"title":"Projets - Timoth\u00e9e BOYAT","robots":{"index":"index","follow":"follow","max-snippet":"max-snippet:-1","max-image-preview":"max-image-preview:large","max-video-preview":"max-video-preview:-1"},"canonical":"https:\/\/www.timboyat.fr\/fr\/projets\/","og_locale":"fr_FR","og_type":"article","og_title":"Projets - Timoth\u00e9e BOYAT","og_url":"https:\/\/www.timboyat.fr\/fr\/projets\/","og_site_name":"Timoth\u00e9e BOYAT","article_modified_time":"2020-09-03T19:05:13+00:00","og_image":[{"url":"https:\/\/www.timboyat.fr\/wp-content\/uploads\/2020\/09\/pngwing.com-1-300x300.png","type":"","width":"","height":""}],"twitter_card":"summary_large_image","schema":{"@context":"https:\/\/schema.org","@graph":[{"@type":"WebPage","@id":"https:\/\/www.timboyat.fr\/fr\/projets\/","url":"https:\/\/www.timboyat.fr\/fr\/projets\/","name":"Projets - Timoth\u00e9e BOYAT","isPartOf":{"@id":"https:\/\/www.timboyat.fr\/fr\/#website"},"primaryImageOfPage":{"@id":"https:\/\/www.timboyat.fr\/fr\/projets\/#primaryimage"},"image":{"@id":"https:\/\/www.timboyat.fr\/fr\/projets\/#primaryimage"},"thumbnailUrl":"https:\/\/www.timboyat.fr\/wp-content\/uploads\/2020\/09\/pngwing.com-1-300x300.png","datePublished":"2019-05-06T11:35:35+00:00","dateModified":"2020-09-03T19:05:13+00:00","breadcrumb":{"@id":"https:\/\/www.timboyat.fr\/fr\/projets\/#breadcrumb"},"inLanguage":"fr-FR","potentialAction":[{"@type":"ReadAction","target":["https:\/\/www.timboyat.fr\/fr\/projets\/"]}]},{"@type":"ImageObject","inLanguage":"fr-FR","@id":"https:\/\/www.timboyat.fr\/fr\/projets\/#primaryimage","url":"https:\/\/www.timboyat.fr\/wp-content\/uploads\/2020\/09\/pngwing.com-1-300x300.png","contentUrl":"https:\/\/www.timboyat.fr\/wp-content\/uploads\/2020\/09\/pngwing.com-1-300x300.png"},{"@type":"BreadcrumbList","@id":"https:\/\/www.timboyat.fr\/fr\/projets\/#breadcrumb","itemListElement":[{"@type":"ListItem","position":1,"name":"Home","item":"https:\/\/www.timboyat.fr\/fr\/"},{"@type":"ListItem","position":2,"name":"Projets"}]},{"@type":"WebSite","@id":"https:\/\/www.timboyat.fr\/fr\/#website","url":"https:\/\/www.timboyat.fr\/fr\/","name":"Timoth\u00e9e BOYAT","description":"Designer \u00c9b\u00e9niste","publisher":{"@id":"https:\/\/www.timboyat.fr\/fr\/#organization"},"potentialAction":[{"@type":"SearchAction","target":{"@type":"EntryPoint","urlTemplate":"https:\/\/www.timboyat.fr\/fr\/?s={search_term_string}"},"query-input":{"@type":"PropertyValueSpecification","valueRequired":true,"valueName":"search_term_string"}}],"inLanguage":"fr-FR"},{"@type":"Organization","@id":"https:\/\/www.timboyat.fr\/fr\/#organization","name":"Timoth\u00e9e BOYAT","url":"https:\/\/www.timboyat.fr\/fr\/","logo":{"@type":"ImageObject","inLanguage":"fr-FR","@id":"https:\/\/www.timboyat.fr\/fr\/#\/schema\/logo\/image\/","url":"https:\/\/www.timboyat.fr\/wp-content\/uploads\/2018\/11\/logo-tb-100.png","contentUrl":"https:\/\/www.timboyat.fr\/wp-content\/uploads\/2018\/11\/logo-tb-100.png","width":100,"height":100,"caption":"Timoth\u00e9e BOYAT"},"image":{"@id":"https:\/\/www.timboyat.fr\/fr\/#\/schema\/logo\/image\/"}}]}},"_links":{"self":[{"href":"https:\/\/www.timboyat.fr\/fr\/wp-json\/wp\/v2\/pages\/896","targetHints":{"allow":["GET"]}}],"collection":[{"href":"https:\/\/www.timboyat.fr\/fr\/wp-json\/wp\/v2\/pages"}],"about":[{"href":"https:\/\/www.timboyat.fr\/fr\/wp-json\/wp\/v2\/types\/page"}],"author":[{"embeddable":true,"href":"https:\/\/www.timboyat.fr\/fr\/wp-json\/wp\/v2\/users\/1"}],"replies":[{"embeddable":true,"href":"https:\/\/www.timboyat.fr\/fr\/wp-json\/wp\/v2\/comments?post=896"}],"version-history":[{"count":4,"href":"https:\/\/www.timboyat.fr\/fr\/wp-json\/wp\/v2\/pages\/896\/revisions"}],"predecessor-version":[{"id":1039,"href":"https:\/\/www.timboyat.fr\/fr\/wp-json\/wp\/v2\/pages\/896\/revisions\/1039"}],"wp:attachment":[{"href":"https:\/\/www.timboyat.fr\/fr\/wp-json\/wp\/v2\/media?parent=896"}],"curies":[{"name":"wp","href":"https:\/\/api.w.org\/{rel}","templated":true}]}}