{"id":906,"date":"2019-05-06T15:32:33","date_gmt":"2019-05-06T14:32:33","guid":{"rendered":"https:\/\/www.timboyat.fr\/?page_id=906"},"modified":"2020-09-03T20:06:14","modified_gmt":"2020-09-03T19:06:14","slug":"a-propos","status":"publish","type":"page","link":"https:\/\/www.timboyat.fr\/fr\/a-propos\/","title":{"rendered":"\u00c0 propos"},"content":{"rendered":"<p><img loading=\"lazy\" decoding=\"async\" class=\"wp-image-994 alignright\" src=\"https:\/\/www.timboyat.fr\/wp-content\/uploads\/2019\/06\/PhotoTimNB2-754x1024.jpg\" alt=\"\" width=\"301\" height=\"409\" srcset=\"https:\/\/www.timboyat.fr\/wp-content\/uploads\/2019\/06\/PhotoTimNB2-754x1024.jpg 754w, https:\/\/www.timboyat.fr\/wp-content\/uploads\/2019\/06\/PhotoTimNB2-221x300.jpg 221w, https:\/\/www.timboyat.fr\/wp-content\/uploads\/2019\/06\/PhotoTimNB2.jpg 884w\" sizes=\"auto, (max-width: 301px) 100vw, 301px\" \/><\/p>\n<p>Timoth\u00e9e Boyat est un designer-\u00e9b\u00e9niste bas\u00e9 dans l\u2019Ain.\u00a0Apr\u00e8s un baccalaur\u00e9at \u00e9conomique et social, il rejoint l\u2019\u00e9cole des Arts du Bois de Moirans-en-Montagne (Jura), o\u00f9 il obtient en cinq mois un CAP de tourneur sur bois. En parall\u00e8le de ce dipl\u00f4me, il obtient la m\u00e9daille d\u2019or nationale au concours \u00ab\u00a0Un des Meilleurs Apprentis de France 2014\u00a0\u00bb.<\/p>\n<p>Il effectue ensuite un Dipl\u00f4me des M\u00e9tiers d\u2019Art d\u00e9cors et mobilier, sp\u00e9cialit\u00e9 \u00e9b\u00e9nisterie. En 2016, il part en Norv\u00e8ge, \u00e0 Bergen, o\u00f9 il travaille avec le designer <a href=\"https:\/\/philippvonhase.com\/\" target=\"_blank\" rel=\"noopener noreferrer\">Philipp von Hase<\/a>, avec qui il collabore encore aujourd\u2019hui. Ensemble, ils con\u00e7oivent le tabouret <a href=\"https:\/\/www.timboyat.fr\/fr\/travail-du-bois\/omera\/\">Omera<\/a> qui rencontrera par la suite un succ\u00e8s grandissant.<\/p>\n<p>Timoth\u00e9e Boyat obtient le DMA en juin 2017 avec la mention tr\u00e8s bien en pr\u00e9sentant son cabinet <a href=\"https:\/\/www.timboyat.fr\/fr\/travail-du-bois\/fungi\/\">Fungi<\/a>, meuble destin\u00e9 \u00e0 la culture de champignons comestibles.<\/p>\n<p>Timoth\u00e9e axe aujourd\u2019hui son travail autour de la cr\u00e9ation de pi\u00e8ces uniques ou de petites s\u00e9ries mais aussi autour du travail sur commande.<\/p>\n<p>&nbsp;<\/p>\n<blockquote>\n<p style=\"text-align: center;\">En entretenant un lien fort avec l\u2019origine et la destination des mat\u00e9riaux, mon travail initie un dialogue entre mati\u00e8re naturelle et concepts innovants.<\/p>\n<\/blockquote>\n<p><a href=\"https:\/\/www.instagram.com\/timboyat\/\" target=\"_blank\" rel=\"noopener noreferrer\"><img loading=\"lazy\" decoding=\"async\" class=\"aligncenter wp-image-1029 \" src=\"https:\/\/www.timboyat.fr\/wp-content\/uploads\/2020\/09\/pngwing.com-1-300x300.png\" alt=\"\" width=\"73\" height=\"73\" \/><\/a><\/p>\n","protected":false},"excerpt":{"rendered":"<p>Timoth\u00e9e Boyat est un designer-\u00e9b\u00e9niste bas\u00e9 dans l\u2019Ain.\u00a0Apr\u00e8s un baccalaur\u00e9at \u00e9conomique et social, il rejoint l\u2019\u00e9cole des Arts du Bois de Moirans-en-Montagne (Jura), o\u00f9 il obtient en cinq mois un CAP de tourneur sur bois. En parall\u00e8le de ce dipl\u00f4me,<\/p>\n","protected":false},"author":1,"featured_media":0,"parent":0,"menu_order":0,"comment_status":"closed","ping_status":"closed","template":"","meta":{"footnotes":""},"class_list":["post-906","page","type-page","status-publish","hentry"],"yoast_head":"<!-- This site is optimized with the Yoast SEO plugin v27.5 - https:\/\/yoast.com\/product\/yoast-seo-wordpress\/ -->\n<title>\u00c0 propos - Timoth\u00e9e BOYAT<\/title>\n<meta name=\"robots\" content=\"index, follow, max-snippet:-1, max-image-preview:large, max-video-preview:-1\" \/>\n<link rel=\"canonical\" href=\"https:\/\/www.timboyat.fr\/fr\/a-propos\/\" \/>\n<meta property=\"og:locale\" content=\"fr_FR\" \/>\n<meta property=\"og:type\" content=\"article\" \/>\n<meta property=\"og:title\" content=\"\u00c0 propos - Timoth\u00e9e BOYAT\" \/>\n<meta property=\"og:description\" content=\"Timoth\u00e9e Boyat est un designer-\u00e9b\u00e9niste bas\u00e9 dans l\u2019Ain.\u00a0Apr\u00e8s un baccalaur\u00e9at \u00e9conomique et social, il rejoint l\u2019\u00e9cole des Arts du Bois de Moirans-en-Montagne (Jura), o\u00f9 il obtient en cinq mois un CAP de tourneur sur bois. En parall\u00e8le de ce dipl\u00f4me,\" \/>\n<meta property=\"og:url\" content=\"https:\/\/www.timboyat.fr\/fr\/a-propos\/\" \/>\n<meta property=\"og:site_name\" content=\"Timoth\u00e9e BOYAT\" \/>\n<meta property=\"article:modified_time\" content=\"2020-09-03T19:06:14+00:00\" \/>\n<meta property=\"og:image\" content=\"https:\/\/www.timboyat.fr\/wp-content\/uploads\/2019\/06\/PhotoTimNB2-754x1024.jpg\" \/>\n<meta name=\"twitter:card\" content=\"summary_large_image\" \/>\n<meta name=\"twitter:label1\" content=\"Dur\u00e9e de lecture estim\u00e9e\" \/>\n\t<meta name=\"twitter:data1\" content=\"1 minute\" \/>\n<script type=\"application\/ld+json\" class=\"yoast-schema-graph\">{\"@context\":\"https:\\\/\\\/schema.org\",\"@graph\":[{\"@type\":\"WebPage\",\"@id\":\"https:\\\/\\\/www.timboyat.fr\\\/fr\\\/a-propos\\\/\",\"url\":\"https:\\\/\\\/www.timboyat.fr\\\/fr\\\/a-propos\\\/\",\"name\":\"\u00c0 propos - Timoth\u00e9e BOYAT\",\"isPartOf\":{\"@id\":\"https:\\\/\\\/www.timboyat.fr\\\/fr\\\/#website\"},\"primaryImageOfPage\":{\"@id\":\"https:\\\/\\\/www.timboyat.fr\\\/fr\\\/a-propos\\\/#primaryimage\"},\"image\":{\"@id\":\"https:\\\/\\\/www.timboyat.fr\\\/fr\\\/a-propos\\\/#primaryimage\"},\"thumbnailUrl\":\"https:\\\/\\\/www.timboyat.fr\\\/wp-content\\\/uploads\\\/2019\\\/06\\\/PhotoTimNB2-754x1024.jpg\",\"datePublished\":\"2019-05-06T14:32:33+00:00\",\"dateModified\":\"2020-09-03T19:06:14+00:00\",\"breadcrumb\":{\"@id\":\"https:\\\/\\\/www.timboyat.fr\\\/fr\\\/a-propos\\\/#breadcrumb\"},\"inLanguage\":\"fr-FR\",\"potentialAction\":[{\"@type\":\"ReadAction\",\"target\":[\"https:\\\/\\\/www.timboyat.fr\\\/fr\\\/a-propos\\\/\"]}]},{\"@type\":\"ImageObject\",\"inLanguage\":\"fr-FR\",\"@id\":\"https:\\\/\\\/www.timboyat.fr\\\/fr\\\/a-propos\\\/#primaryimage\",\"url\":\"https:\\\/\\\/www.timboyat.fr\\\/wp-content\\\/uploads\\\/2019\\\/06\\\/PhotoTimNB2-754x1024.jpg\",\"contentUrl\":\"https:\\\/\\\/www.timboyat.fr\\\/wp-content\\\/uploads\\\/2019\\\/06\\\/PhotoTimNB2-754x1024.jpg\"},{\"@type\":\"BreadcrumbList\",\"@id\":\"https:\\\/\\\/www.timboyat.fr\\\/fr\\\/a-propos\\\/#breadcrumb\",\"itemListElement\":[{\"@type\":\"ListItem\",\"position\":1,\"name\":\"Home\",\"item\":\"https:\\\/\\\/www.timboyat.fr\\\/fr\\\/\"},{\"@type\":\"ListItem\",\"position\":2,\"name\":\"\u00c0 propos\"}]},{\"@type\":\"WebSite\",\"@id\":\"https:\\\/\\\/www.timboyat.fr\\\/fr\\\/#website\",\"url\":\"https:\\\/\\\/www.timboyat.fr\\\/fr\\\/\",\"name\":\"Timoth\u00e9e BOYAT\",\"description\":\"Designer \u00c9b\u00e9niste\",\"publisher\":{\"@id\":\"https:\\\/\\\/www.timboyat.fr\\\/fr\\\/#organization\"},\"potentialAction\":[{\"@type\":\"SearchAction\",\"target\":{\"@type\":\"EntryPoint\",\"urlTemplate\":\"https:\\\/\\\/www.timboyat.fr\\\/fr\\\/?s={search_term_string}\"},\"query-input\":{\"@type\":\"PropertyValueSpecification\",\"valueRequired\":true,\"valueName\":\"search_term_string\"}}],\"inLanguage\":\"fr-FR\"},{\"@type\":\"Organization\",\"@id\":\"https:\\\/\\\/www.timboyat.fr\\\/fr\\\/#organization\",\"name\":\"Timoth\u00e9e BOYAT\",\"url\":\"https:\\\/\\\/www.timboyat.fr\\\/fr\\\/\",\"logo\":{\"@type\":\"ImageObject\",\"inLanguage\":\"fr-FR\",\"@id\":\"https:\\\/\\\/www.timboyat.fr\\\/fr\\\/#\\\/schema\\\/logo\\\/image\\\/\",\"url\":\"https:\\\/\\\/www.timboyat.fr\\\/wp-content\\\/uploads\\\/2018\\\/11\\\/logo-tb-100.png\",\"contentUrl\":\"https:\\\/\\\/www.timboyat.fr\\\/wp-content\\\/uploads\\\/2018\\\/11\\\/logo-tb-100.png\",\"width\":100,\"height\":100,\"caption\":\"Timoth\u00e9e BOYAT\"},\"image\":{\"@id\":\"https:\\\/\\\/www.timboyat.fr\\\/fr\\\/#\\\/schema\\\/logo\\\/image\\\/\"}}]}<\/script>\n<!-- \/ Yoast SEO plugin. -->","yoast_head_json":{"title":"\u00c0 propos - Timoth\u00e9e BOYAT","robots":{"index":"index","follow":"follow","max-snippet":"max-snippet:-1","max-image-preview":"max-image-preview:large","max-video-preview":"max-video-preview:-1"},"canonical":"https:\/\/www.timboyat.fr\/fr\/a-propos\/","og_locale":"fr_FR","og_type":"article","og_title":"\u00c0 propos - Timoth\u00e9e BOYAT","og_description":"Timoth\u00e9e Boyat est un designer-\u00e9b\u00e9niste bas\u00e9 dans l\u2019Ain.\u00a0Apr\u00e8s un baccalaur\u00e9at \u00e9conomique et social, il rejoint l\u2019\u00e9cole des Arts du Bois de Moirans-en-Montagne (Jura), o\u00f9 il obtient en cinq mois un CAP de tourneur sur bois. En parall\u00e8le de ce dipl\u00f4me,","og_url":"https:\/\/www.timboyat.fr\/fr\/a-propos\/","og_site_name":"Timoth\u00e9e BOYAT","article_modified_time":"2020-09-03T19:06:14+00:00","og_image":[{"url":"https:\/\/www.timboyat.fr\/wp-content\/uploads\/2019\/06\/PhotoTimNB2-754x1024.jpg","type":"","width":"","height":""}],"twitter_card":"summary_large_image","twitter_misc":{"Dur\u00e9e de lecture estim\u00e9e":"1 minute"},"schema":{"@context":"https:\/\/schema.org","@graph":[{"@type":"WebPage","@id":"https:\/\/www.timboyat.fr\/fr\/a-propos\/","url":"https:\/\/www.timboyat.fr\/fr\/a-propos\/","name":"\u00c0 propos - Timoth\u00e9e BOYAT","isPartOf":{"@id":"https:\/\/www.timboyat.fr\/fr\/#website"},"primaryImageOfPage":{"@id":"https:\/\/www.timboyat.fr\/fr\/a-propos\/#primaryimage"},"image":{"@id":"https:\/\/www.timboyat.fr\/fr\/a-propos\/#primaryimage"},"thumbnailUrl":"https:\/\/www.timboyat.fr\/wp-content\/uploads\/2019\/06\/PhotoTimNB2-754x1024.jpg","datePublished":"2019-05-06T14:32:33+00:00","dateModified":"2020-09-03T19:06:14+00:00","breadcrumb":{"@id":"https:\/\/www.timboyat.fr\/fr\/a-propos\/#breadcrumb"},"inLanguage":"fr-FR","potentialAction":[{"@type":"ReadAction","target":["https:\/\/www.timboyat.fr\/fr\/a-propos\/"]}]},{"@type":"ImageObject","inLanguage":"fr-FR","@id":"https:\/\/www.timboyat.fr\/fr\/a-propos\/#primaryimage","url":"https:\/\/www.timboyat.fr\/wp-content\/uploads\/2019\/06\/PhotoTimNB2-754x1024.jpg","contentUrl":"https:\/\/www.timboyat.fr\/wp-content\/uploads\/2019\/06\/PhotoTimNB2-754x1024.jpg"},{"@type":"BreadcrumbList","@id":"https:\/\/www.timboyat.fr\/fr\/a-propos\/#breadcrumb","itemListElement":[{"@type":"ListItem","position":1,"name":"Home","item":"https:\/\/www.timboyat.fr\/fr\/"},{"@type":"ListItem","position":2,"name":"\u00c0 propos"}]},{"@type":"WebSite","@id":"https:\/\/www.timboyat.fr\/fr\/#website","url":"https:\/\/www.timboyat.fr\/fr\/","name":"Timoth\u00e9e BOYAT","description":"Designer \u00c9b\u00e9niste","publisher":{"@id":"https:\/\/www.timboyat.fr\/fr\/#organization"},"potentialAction":[{"@type":"SearchAction","target":{"@type":"EntryPoint","urlTemplate":"https:\/\/www.timboyat.fr\/fr\/?s={search_term_string}"},"query-input":{"@type":"PropertyValueSpecification","valueRequired":true,"valueName":"search_term_string"}}],"inLanguage":"fr-FR"},{"@type":"Organization","@id":"https:\/\/www.timboyat.fr\/fr\/#organization","name":"Timoth\u00e9e BOYAT","url":"https:\/\/www.timboyat.fr\/fr\/","logo":{"@type":"ImageObject","inLanguage":"fr-FR","@id":"https:\/\/www.timboyat.fr\/fr\/#\/schema\/logo\/image\/","url":"https:\/\/www.timboyat.fr\/wp-content\/uploads\/2018\/11\/logo-tb-100.png","contentUrl":"https:\/\/www.timboyat.fr\/wp-content\/uploads\/2018\/11\/logo-tb-100.png","width":100,"height":100,"caption":"Timoth\u00e9e BOYAT"},"image":{"@id":"https:\/\/www.timboyat.fr\/fr\/#\/schema\/logo\/image\/"}}]}},"_links":{"self":[{"href":"https:\/\/www.timboyat.fr\/fr\/wp-json\/wp\/v2\/pages\/906","targetHints":{"allow":["GET"]}}],"collection":[{"href":"https:\/\/www.timboyat.fr\/fr\/wp-json\/wp\/v2\/pages"}],"about":[{"href":"https:\/\/www.timboyat.fr\/fr\/wp-json\/wp\/v2\/types\/page"}],"author":[{"embeddable":true,"href":"https:\/\/www.timboyat.fr\/fr\/wp-json\/wp\/v2\/users\/1"}],"replies":[{"embeddable":true,"href":"https:\/\/www.timboyat.fr\/fr\/wp-json\/wp\/v2\/comments?post=906"}],"version-history":[{"count":19,"href":"https:\/\/www.timboyat.fr\/fr\/wp-json\/wp\/v2\/pages\/906\/revisions"}],"predecessor-version":[{"id":1040,"href":"https:\/\/www.timboyat.fr\/fr\/wp-json\/wp\/v2\/pages\/906\/revisions\/1040"}],"wp:attachment":[{"href":"https:\/\/www.timboyat.fr\/fr\/wp-json\/wp\/v2\/media?parent=906"}],"curies":[{"name":"wp","href":"https:\/\/api.w.org\/{rel}","templated":true}]}}